{"id":21018,"date":"2025-06-09T10:51:02","date_gmt":"2025-06-09T08:51:02","guid":{"rendered":"https:\/\/www.cortijoelpuerto.com\/contacto\/"},"modified":"2025-06-30T10:48:29","modified_gmt":"2025-06-30T08:48:29","slug":"contact","status":"publish","type":"page","link":"https:\/\/www.cortijoelpuerto.com\/en\/contact\/","title":{"rendered":"Contact"},"content":{"rendered":"<p>[et_pb_section fb_built=&#8221;1&#8243; fullwidth=&#8221;on&#8221; _builder_version=&#8221;4.24.2&#8243; _module_preset=&#8221;default&#8221; animation_style=&#8221;fade&#8221; global_colors_info=&#8221;{}&#8221;][et_pb_fullwidth_map address=&#8221;A-456, km 18, 6, 41440 Lora del R\u00edo, Sevilla, Espa\u00f1a&#8221; zoom_level=&#8221;13&#8243; address_lat=&#8221;37.6258104&#8243; address_lng=&#8221;-5.5045819&#8243; _builder_version=&#8221;4.27.4&#8243; _module_preset=&#8221;default&#8221; hover_enabled=&#8221;0&#8243; global_colors_info=&#8221;{}&#8221; sticky_enabled=&#8221;0&#8243;][et_pb_map_pin title=&#8221;  CORTIJO EL PUERTO&#8221; pin_address=&#8221;A-456, km 18, 6, 41440 Lora del R\u00edo, Sevilla, Espa\u00f1a&#8221; zoom_level=&#8221;15&#8243; pin_address_lat=&#8221;37.6258104&#8243; pin_address_lng=&#8221;-5.5045819&#8243; _builder_version=&#8221;4.27.4&#8243; _module_preset=&#8221;default&#8221; global_colors_info=&#8221;{}&#8221; hover_enabled=&#8221;0&#8243; sticky_enabled=&#8221;0&#8243;]<\/p>\n<p>Carretera A-456, KM 18.6<br \/>41440 Lora del R\u00edo (Sevilla) Spain<br \/>+34 677 95 32 64<br \/><a href=\"https:\/\/www.oleoturismosevilla.com\/reservas\/mailto\">info@cortijoelpuerto.com<\/a><\/p>\n<p>[\/et_pb_map_pin][\/et_pb_fullwidth_map][\/et_pb_section][et_pb_section fb_built=&#8221;1&#8243; _builder_version=&#8221;4.24.2&#8243; _module_preset=&#8221;default&#8221; animation_style=&#8221;fade&#8221; global_colors_info=&#8221;{}&#8221;][et_pb_row column_structure=&#8221;1_2,1_2&#8243; _builder_version=&#8221;4.16&#8243; _module_preset=&#8221;default&#8221; global_colors_info=&#8221;{}&#8221;][et_pb_column type=&#8221;1_2&#8243; _builder_version=&#8221;4.16&#8243; _module_preset=&#8221;default&#8221; global_colors_info=&#8221;{}&#8221;][et_pb_text _builder_version=&#8221;4.27.4&#8243; _module_preset=&#8221;default&#8221; animation_style=&#8221;fade&#8221; hover_enabled=&#8221;0&#8243; global_colors_info=&#8221;{}&#8221; sticky_enabled=&#8221;0&#8243;]<\/p>\n<h1>CONTACT<\/h1>\n<p><strong>CORTIJO EL PUERTO<br \/><\/strong>Carretera A-456, KM 18.6<br \/>41440 Lora del R\u00edo (Sevilla) Spain<br \/>+34 677 95 32 64<br \/><a href=\"https:\/\/www.oleoturismosevilla.com\/reservas\/mailto\">info@oleoturismosevilla.com<\/a><\/p>\n<p>[\/et_pb_text][\/et_pb_column][et_pb_column type=&#8221;1_2&#8243; _builder_version=&#8221;4.16&#8243; _module_preset=&#8221;default&#8221; global_colors_info=&#8221;{}&#8221;][et_pb_text _builder_version=&#8221;4.27.4&#8243; _module_preset=&#8221;default&#8221; animation_style=&#8221;fade&#8221; hover_enabled=&#8221;0&#8243; global_colors_info=&#8221;{}&#8221; sticky_enabled=&#8221;0&#8243;]<\/p>\n<h2>Contact form<\/h2>\n<p>[\/et_pb_text][et_pb_contact_form email=&#8221;info@cortijoelpuerto.com&#8221; _builder_version=&#8221;4.27.4&#8243; _module_preset=&#8221;default&#8221; _unique_id=&#8221;dc0b84e2-2091-4b6f-9309-65c2b463daf1&#8243; animation_style=&#8221;fade&#8221; hover_enabled=&#8221;0&#8243; global_colors_info=&#8221;{}&#8221; sticky_enabled=&#8221;0&#8243;][et_pb_contact_field field_id=&#8221;Name&#8221; field_title=&#8221;Name&#8221; _builder_version=&#8221;4.27.4&#8243; hover_enabled=&#8221;0&#8243; global_colors_info=&#8221;{}&#8221; button_text_size__hover_enabled=&#8221;off&#8221; button_one_text_size__hover_enabled=&#8221;off&#8221; button_two_text_size__hover_enabled=&#8221;off&#8221; button_text_color__hover_enabled=&#8221;off&#8221; button_one_text_color__hover_enabled=&#8221;off&#8221; button_two_text_color__hover_enabled=&#8221;off&#8221; button_border_width__hover_enabled=&#8221;off&#8221; button_one_border_width__hover_enabled=&#8221;off&#8221; button_two_border_width__hover_enabled=&#8221;off&#8221; button_border_color__hover_enabled=&#8221;off&#8221; button_one_border_color__hover_enabled=&#8221;off&#8221; button_two_border_color__hover_enabled=&#8221;off&#8221; button_border_radius__hover_enabled=&#8221;off&#8221; button_one_border_radius__hover_enabled=&#8221;off&#8221; button_two_border_radius__hover_enabled=&#8221;off&#8221; button_letter_spacing__hover_enabled=&#8221;off&#8221; button_one_letter_spacing__hover_enabled=&#8221;off&#8221; button_two_letter_spacing__hover_enabled=&#8221;off&#8221; button_bg_color__hover_enabled=&#8221;off&#8221; button_one_bg_color__hover_enabled=&#8221;off&#8221; button_two_bg_color__hover_enabled=&#8221;off&#8221; sticky_enabled=&#8221;0&#8243;][\/et_pb_contact_field][et_pb_contact_field field_id=&#8221;Email&#8221; field_title=&#8221;Email&#8221; field_type=&#8221;email&#8221; _builder_version=&#8221;4.27.4&#8243; hover_enabled=&#8221;0&#8243; global_colors_info=&#8221;{}&#8221; button_text_size__hover_enabled=&#8221;off&#8221; button_one_text_size__hover_enabled=&#8221;off&#8221; button_two_text_size__hover_enabled=&#8221;off&#8221; button_text_color__hover_enabled=&#8221;off&#8221; button_one_text_color__hover_enabled=&#8221;off&#8221; button_two_text_color__hover_enabled=&#8221;off&#8221; button_border_width__hover_enabled=&#8221;off&#8221; button_one_border_width__hover_enabled=&#8221;off&#8221; button_two_border_width__hover_enabled=&#8221;off&#8221; button_border_color__hover_enabled=&#8221;off&#8221; button_one_border_color__hover_enabled=&#8221;off&#8221; button_two_border_color__hover_enabled=&#8221;off&#8221; button_border_radius__hover_enabled=&#8221;off&#8221; button_one_border_radius__hover_enabled=&#8221;off&#8221; button_two_border_radius__hover_enabled=&#8221;off&#8221; button_letter_spacing__hover_enabled=&#8221;off&#8221; button_one_letter_spacing__hover_enabled=&#8221;off&#8221; button_two_letter_spacing__hover_enabled=&#8221;off&#8221; button_bg_color__hover_enabled=&#8221;off&#8221; button_one_bg_color__hover_enabled=&#8221;off&#8221; button_two_bg_color__hover_enabled=&#8221;off&#8221; sticky_enabled=&#8221;0&#8243;][\/et_pb_contact_field][et_pb_contact_field field_id=&#8221;asunto&#8221; field_title=&#8221;Subject&#8221; required_mark=&#8221;off&#8221; fullwidth_field=&#8221;on&#8221; _builder_version=&#8221;4.27.4&#8243; _module_preset=&#8221;default&#8221; hover_enabled=&#8221;0&#8243; global_colors_info=&#8221;{}&#8221; sticky_enabled=&#8221;0&#8243;][\/et_pb_contact_field][et_pb_contact_field field_id=&#8221;Message&#8221; field_title=&#8221;Message&#8221; field_type=&#8221;text&#8221; fullwidth_field=&#8221;on&#8221; _builder_version=&#8221;4.27.4&#8243; hover_enabled=&#8221;0&#8243; global_colors_info=&#8221;{}&#8221; button_text_size__hover_enabled=&#8221;off&#8221; button_one_text_size__hover_enabled=&#8221;off&#8221; button_two_text_size__hover_enabled=&#8221;off&#8221; button_text_color__hover_enabled=&#8221;off&#8221; button_one_text_color__hover_enabled=&#8221;off&#8221; button_two_text_color__hover_enabled=&#8221;off&#8221; button_border_width__hover_enabled=&#8221;off&#8221; button_one_border_width__hover_enabled=&#8221;off&#8221; button_two_border_width__hover_enabled=&#8221;off&#8221; button_border_color__hover_enabled=&#8221;off&#8221; button_one_border_color__hover_enabled=&#8221;off&#8221; button_two_border_color__hover_enabled=&#8221;off&#8221; button_border_radius__hover_enabled=&#8221;off&#8221; button_one_border_radius__hover_enabled=&#8221;off&#8221; button_two_border_radius__hover_enabled=&#8221;off&#8221; button_letter_spacing__hover_enabled=&#8221;off&#8221; button_one_letter_spacing__hover_enabled=&#8221;off&#8221; button_two_letter_spacing__hover_enabled=&#8221;off&#8221; button_bg_color__hover_enabled=&#8221;off&#8221; button_one_bg_color__hover_enabled=&#8221;off&#8221; button_two_bg_color__hover_enabled=&#8221;off&#8221; sticky_enabled=&#8221;0&#8243;][\/et_pb_contact_field][et_pb_contact_field field_id=&#8221;aceptacion&#8221; field_title=&#8221; &#8221; field_type=&#8221;checkbox&#8221; checkbox_options=&#8221;%91{%22value%22:%22I have read and accept the%22,%22checked%22:0,%22dragID%22:-1,%22link_url%22:%22https:\/\/www.oleoturismosevilla.com\/politica-privacidad\/%22,%22link_text%22:%22privacy policy%22}%93&#8243; fullwidth_field=&#8221;on&#8221; _builder_version=&#8221;4.27.4&#8243; _module_preset=&#8221;default&#8221; hover_enabled=&#8221;0&#8243; global_colors_info=&#8221;{}&#8221; sticky_enabled=&#8221;0&#8243;][\/et_pb_contact_field][\/et_pb_contact_form][\/et_pb_column][\/et_pb_row][\/et_pb_section]<\/p>\n","protected":false},"excerpt":{"rendered":"<p>Carretera A-456, KM 18.641440 Lora del R\u00edo (Sevilla) Spain+34 677 95 32 64info@cortijoelpuerto.comCONTACT CORTIJO EL PUERTOCarretera A-456, KM 18.641440 Lora del R\u00edo (Sevilla) Spain+34 677 95 32 64info@oleoturismosevilla.comContact form<\/p>\n","protected":false},"author":1,"featured_media":0,"parent":0,"menu_order":0,"comment_status":"closed","ping_status":"closed","template":"","meta":{"_et_pb_use_builder":"on","_et_pb_old_content":"","_et_gb_content_width":"","footnotes":""},"class_list":["post-21018","page","type-page","status-publish","hentry"],"yoast_head":"<!-- This site is optimized with the Yoast SEO plugin v27.4 - https:\/\/yoast.com\/product\/yoast-seo-wordpress\/ -->\n<title>Contact - Cortijo el Puerto 100% Ecol\u00f3gico y Biodin\u00e1mico<\/title>\n<meta name=\"robots\" content=\"index, follow, max-snippet:-1, max-image-preview:large, max-video-preview:-1\" \/>\n<link rel=\"canonical\" href=\"https:\/\/www.cortijoelpuerto.com\/en\/contact\/\" \/>\n<meta property=\"og:locale\" content=\"en_US\" \/>\n<meta property=\"og:type\" content=\"article\" \/>\n<meta property=\"og:title\" content=\"Contact - Cortijo el Puerto 100% Ecol\u00f3gico y Biodin\u00e1mico\" \/>\n<meta property=\"og:description\" content=\"Carretera A-456, KM 18.641440 Lora del R\u00edo (Sevilla) Spain+34 677 95 32 64info@cortijoelpuerto.comCONTACT CORTIJO EL PUERTOCarretera A-456, KM 18.641440 Lora del R\u00edo (Sevilla) Spain+34 677 95 32 64info@oleoturismosevilla.comContact form\" \/>\n<meta property=\"og:url\" content=\"https:\/\/www.cortijoelpuerto.com\/en\/contact\/\" \/>\n<meta property=\"og:site_name\" content=\"Cortijo el Puerto 100% Ecol\u00f3gico y Biodin\u00e1mico\" \/>\n<meta property=\"article:modified_time\" content=\"2025-06-30T08:48:29+00:00\" \/>\n<meta name=\"twitter:card\" content=\"summary_large_image\" \/>\n<meta name=\"twitter:label1\" content=\"Est. reading time\" \/>\n\t<meta name=\"twitter:data1\" content=\"1 minute\" \/>\n<script type=\"application\/ld+json\" class=\"yoast-schema-graph\">{\"@context\":\"https:\\\/\\\/schema.org\",\"@graph\":[{\"@type\":\"WebPage\",\"@id\":\"https:\\\/\\\/www.cortijoelpuerto.com\\\/en\\\/contact\\\/\",\"url\":\"https:\\\/\\\/www.cortijoelpuerto.com\\\/en\\\/contact\\\/\",\"name\":\"Contact - Cortijo el Puerto 100% Ecol\u00f3gico y Biodin\u00e1mico\",\"isPartOf\":{\"@id\":\"https:\\\/\\\/www.cortijoelpuerto.com\\\/en\\\/#website\"},\"datePublished\":\"2025-06-09T08:51:02+00:00\",\"dateModified\":\"2025-06-30T08:48:29+00:00\",\"breadcrumb\":{\"@id\":\"https:\\\/\\\/www.cortijoelpuerto.com\\\/en\\\/contact\\\/#breadcrumb\"},\"inLanguage\":\"en-US\",\"potentialAction\":[{\"@type\":\"ReadAction\",\"target\":[\"https:\\\/\\\/www.cortijoelpuerto.com\\\/en\\\/contact\\\/\"]}]},{\"@type\":\"BreadcrumbList\",\"@id\":\"https:\\\/\\\/www.cortijoelpuerto.com\\\/en\\\/contact\\\/#breadcrumb\",\"itemListElement\":[{\"@type\":\"ListItem\",\"position\":1,\"name\":\"Portada\",\"item\":\"https:\\\/\\\/www.cortijoelpuerto.com\\\/en\\\/\"},{\"@type\":\"ListItem\",\"position\":2,\"name\":\"Contact\"}]},{\"@type\":\"WebSite\",\"@id\":\"https:\\\/\\\/www.cortijoelpuerto.com\\\/en\\\/#website\",\"url\":\"https:\\\/\\\/www.cortijoelpuerto.com\\\/en\\\/\",\"name\":\"Cortijo el Puerto 100% Ecol\u00f3gico y Biodin\u00e1mico\",\"description\":\"\",\"potentialAction\":[{\"@type\":\"SearchAction\",\"target\":{\"@type\":\"EntryPoint\",\"urlTemplate\":\"https:\\\/\\\/www.cortijoelpuerto.com\\\/en\\\/?s={search_term_string}\"},\"query-input\":{\"@type\":\"PropertyValueSpecification\",\"valueRequired\":true,\"valueName\":\"search_term_string\"}}],\"inLanguage\":\"en-US\"}]}<\/script>\n<!-- \/ Yoast SEO plugin. -->","yoast_head_json":{"title":"Contact - Cortijo el Puerto 100% Ecol\u00f3gico y Biodin\u00e1mico","robots":{"index":"index","follow":"follow","max-snippet":"max-snippet:-1","max-image-preview":"max-image-preview:large","max-video-preview":"max-video-preview:-1"},"canonical":"https:\/\/www.cortijoelpuerto.com\/en\/contact\/","og_locale":"en_US","og_type":"article","og_title":"Contact - Cortijo el Puerto 100% Ecol\u00f3gico y Biodin\u00e1mico","og_description":"Carretera A-456, KM 18.641440 Lora del R\u00edo (Sevilla) Spain+34 677 95 32 64info@cortijoelpuerto.comCONTACT CORTIJO EL PUERTOCarretera A-456, KM 18.641440 Lora del R\u00edo (Sevilla) Spain+34 677 95 32 64info@oleoturismosevilla.comContact form","og_url":"https:\/\/www.cortijoelpuerto.com\/en\/contact\/","og_site_name":"Cortijo el Puerto 100% Ecol\u00f3gico y Biodin\u00e1mico","article_modified_time":"2025-06-30T08:48:29+00:00","twitter_card":"summary_large_image","twitter_misc":{"Est. reading time":"1 minute"},"schema":{"@context":"https:\/\/schema.org","@graph":[{"@type":"WebPage","@id":"https:\/\/www.cortijoelpuerto.com\/en\/contact\/","url":"https:\/\/www.cortijoelpuerto.com\/en\/contact\/","name":"Contact - Cortijo el Puerto 100% Ecol\u00f3gico y Biodin\u00e1mico","isPartOf":{"@id":"https:\/\/www.cortijoelpuerto.com\/en\/#website"},"datePublished":"2025-06-09T08:51:02+00:00","dateModified":"2025-06-30T08:48:29+00:00","breadcrumb":{"@id":"https:\/\/www.cortijoelpuerto.com\/en\/contact\/#breadcrumb"},"inLanguage":"en-US","potentialAction":[{"@type":"ReadAction","target":["https:\/\/www.cortijoelpuerto.com\/en\/contact\/"]}]},{"@type":"BreadcrumbList","@id":"https:\/\/www.cortijoelpuerto.com\/en\/contact\/#breadcrumb","itemListElement":[{"@type":"ListItem","position":1,"name":"Portada","item":"https:\/\/www.cortijoelpuerto.com\/en\/"},{"@type":"ListItem","position":2,"name":"Contact"}]},{"@type":"WebSite","@id":"https:\/\/www.cortijoelpuerto.com\/en\/#website","url":"https:\/\/www.cortijoelpuerto.com\/en\/","name":"Cortijo el Puerto 100% Ecol\u00f3gico y Biodin\u00e1mico","description":"","potentialAction":[{"@type":"SearchAction","target":{"@type":"EntryPoint","urlTemplate":"https:\/\/www.cortijoelpuerto.com\/en\/?s={search_term_string}"},"query-input":{"@type":"PropertyValueSpecification","valueRequired":true,"valueName":"search_term_string"}}],"inLanguage":"en-US"}]}},"_links":{"self":[{"href":"https:\/\/www.cortijoelpuerto.com\/en\/wp-json\/wp\/v2\/pages\/21018","targetHints":{"allow":["GET"]}}],"collection":[{"href":"https:\/\/www.cortijoelpuerto.com\/en\/wp-json\/wp\/v2\/pages"}],"about":[{"href":"https:\/\/www.cortijoelpuerto.com\/en\/wp-json\/wp\/v2\/types\/page"}],"author":[{"embeddable":true,"href":"https:\/\/www.cortijoelpuerto.com\/en\/wp-json\/wp\/v2\/users\/1"}],"replies":[{"embeddable":true,"href":"https:\/\/www.cortijoelpuerto.com\/en\/wp-json\/wp\/v2\/comments?post=21018"}],"version-history":[{"count":2,"href":"https:\/\/www.cortijoelpuerto.com\/en\/wp-json\/wp\/v2\/pages\/21018\/revisions"}],"predecessor-version":[{"id":21021,"href":"https:\/\/www.cortijoelpuerto.com\/en\/wp-json\/wp\/v2\/pages\/21018\/revisions\/21021"}],"wp:attachment":[{"href":"https:\/\/www.cortijoelpuerto.com\/en\/wp-json\/wp\/v2\/media?parent=21018"}],"curies":[{"name":"wp","href":"https:\/\/api.w.org\/{rel}","templated":true}]}}